{"id":1310,"date":"2025-02-10T10:59:42","date_gmt":"2025-02-10T09:59:42","guid":{"rendered":"https:\/\/francoisruegg.com\/?page_id=1310"},"modified":"2025-03-17T08:43:21","modified_gmt":"2025-03-17T07:43:21","slug":"contact","status":"publish","type":"page","link":"https:\/\/francoisruegg.com\/pt-br\/contato\/","title":{"rendered":"Contato"},"content":{"rendered":"<p>[et_pb_section fb_built=&#8221;1&#8243; custom_padding_last_edited=&#8221;on|phone&#8221; _builder_version=&#8221;4.27.4&#8243; _module_preset=&#8221;default&#8221; custom_margin=&#8221;0px||0px||false|false&#8221; custom_padding=&#8221;105px|30px|120px|30px|false|true&#8221; custom_padding_tablet=&#8221;75px|15px|90px|15px|false|true&#8221; custom_padding_phone=&#8221;45px||60px||false|true&#8221; global_colors_info=&#8221;{}&#8221;][et_pb_row column_structure=&#8221;2_5,3_5&#8243; _builder_version=&#8221;4.27.4&#8243; _module_preset=&#8221;default&#8221; custom_margin=&#8221;0px||0px||false|false&#8221; custom_padding=&#8221;0px||0px||false|false&#8221; global_colors_info=&#8221;{}&#8221;][et_pb_column type=&#8221;2_5&#8243; _builder_version=&#8221;4.27.4&#8243; _module_preset=&#8221;default&#8221; global_colors_info=&#8221;{}&#8221;][et_pb_text _builder_version=&#8221;4.27.4&#8243; _module_preset=&#8221;default&#8221; header_font_size=&#8221;50px&#8221; text_orientation=&#8221;justified&#8221; width=&#8221;800px&#8221; width_tablet=&#8221;800px&#8221; width_phone=&#8221;800px&#8221; width_last_edited=&#8221;on|desktop&#8221; max_width=&#8221;100%&#8221; module_alignment=&#8221;left&#8221; custom_margin=&#8221;0px||0px||false|false&#8221; custom_margin_tablet=&#8221;||25px||false|false&#8221; custom_margin_phone=&#8221;||25px||false|false&#8221; custom_margin_last_edited=&#8221;on|desktop&#8221; custom_padding=&#8221;0px||0px||false|false&#8221; hover_enabled=&#8221;0&#8243; text_font_size_tablet=&#8221;16px&#8221; text_font_size_phone=&#8221;16px&#8221; text_font_size_last_edited=&#8221;on|desktop&#8221; global_colors_info=&#8221;{}&#8221; sticky_enabled=&#8221;0&#8243;]<\/p>\n<p><strong>Fran\u00e7ois Ruegg<\/strong> \u2013 Artista de cer\u00e2mica<br \/><a href=\"mailto:info@francoisruegg.com\">info@francoisruegg.com<\/a><\/p>\n<p><a href=\"https:\/\/www.facebook.com\/francois.ruegg\" target=\"_blank\" rel=\"noopener\"> <img loading=\"lazy\" decoding=\"async\" src=\"https:\/\/francoisruegg.com\/wp-content\/uploads\/2025\/02\/facebook_noir.svg\" width=\"22\" height=\"22\" alt=\"Facebook Noir\" class=\"wp-image-60 alignnone size-medium\" title=\"Contato\"><\/a>\u00a0 \u00a0<a href=\"https:\/\/www.instagram.com\/francois_ruegg_\/\" target=\"_blank\" rel=\"noopener\"><img loading=\"lazy\" decoding=\"async\" src=\"https:\/\/francoisruegg.com\/wp-content\/uploads\/2025\/02\/instagram_noir.svg\" width=\"22\" height=\"22\" alt=\"Instagram Noir\" class=\"wp-image-61 alignnone size-medium\" title=\"Contato\"><\/a>\u00a0 \u00a0<a href=\"https:\/\/www.youtube.com\/@francoisruegg9572\" target=\"_blank\" rel=\"noopener\"><img loading=\"lazy\" decoding=\"async\" src=\"https:\/\/francoisruegg.com\/wp-content\/uploads\/2025\/02\/youtube_noir.svg\" width=\"22\" height=\"22\" alt=\"Youtube Noir\" class=\"wp-image-62 alignnone size-medium\" title=\"Contato\"><\/a>\u00a0 \u00a0<a href=\"https:\/\/fr.wikipedia.org\/wiki\/Fran%C3%A7ois_Ruegg\" target=\"_blank\" rel=\"noopener\"><img loading=\"lazy\" decoding=\"async\" src=\"https:\/\/francoisruegg.com\/wp-content\/uploads\/2025\/02\/wiki_noir.svg\" width=\"22\" height=\"22\" alt=\"Wiki Noir\" class=\"wp-image-65 alignnone size-medium\" title=\"Contato\"><\/a><\/p>\n<p>[\/et_pb_text][\/et_pb_column][et_pb_column type=&#8221;3_5&#8243; _builder_version=&#8221;4.27.4&#8243; _module_preset=&#8221;default&#8221; global_colors_info=&#8221;{}&#8221;][et_pb_text _builder_version=&#8221;4.27.4&#8243; _module_preset=&#8221;_initial&#8221; header_3_font=&#8221;|700||on|||||&#8221; header_3_text_color=&#8221;#151515&#8243; header_3_font_size=&#8221;13px&#8221; header_3_letter_spacing=&#8221;5px&#8221; header_4_font=&#8221;Work Sans|700|||||||&#8221; custom_margin=&#8221;0px||5px||false|false&#8221; custom_padding=&#8221;0px||0px||false|false&#8221; hover_enabled=&#8221;0&#8243; header_3_font_size_tablet=&#8221;12px&#8221; header_3_font_size_phone=&#8221;12px&#8221; header_3_font_size_last_edited=&#8221;on|desktop&#8221; global_colors_info=&#8221;{}&#8221; sticky_enabled=&#8221;0&#8243;]<\/p>\n<h3>Entre em contato comigo em<\/h3>\n<p>[\/et_pb_text][et_pb_text _builder_version=&#8221;4.27.4&#8243; _module_preset=&#8221;default&#8221; header_text_color=&#8221;rgba(21,21,21,0.6)&#8221; header_font_size=&#8221;37px&#8221; custom_margin=&#8221;0px||20px||false|false&#8221; custom_margin_tablet=&#8221;||15px||false|false&#8221; custom_margin_phone=&#8221;||15px||false|false&#8221; custom_margin_last_edited=&#8221;on|desktop&#8221; custom_padding=&#8221;0px||0px||false|false&#8221; hover_enabled=&#8221;0&#8243; header_font_size_tablet=&#8221;32px&#8221; header_font_size_phone=&#8221;27px&#8221; header_font_size_last_edited=&#8221;on|desktop&#8221; global_colors_info=&#8221;{}&#8221; sticky_enabled=&#8221;0&#8243;]<\/p>\n<h1>Formul\u00e1rio de contato<\/h1>\n<p>[\/et_pb_text][wpforms_selector form_id=&#8221;233&#8243; show_title=&#8221;off&#8221; _builder_version=&#8221;4.27.4&#8243; _module_preset=&#8221;default&#8221; custom_margin=&#8221;0px||0px||false|false&#8221; custom_padding=&#8221;0px||0px||false|false&#8221; global_colors_info=&#8221;{}&#8221;][\/wpforms_selector][\/et_pb_column][\/et_pb_row][\/et_pb_section]<\/p>\n","protected":false},"excerpt":{"rendered":"<p>Fran\u00e7ois Ruegg \u2013 Artista de cer\u00e2micainfo@francoisruegg.com \u00a0 \u00a0\u00a0 \u00a0\u00a0 \u00a0Entre em contato comigo emFormul\u00e1rio de contato<div class=\"et_pb_module wpforms_selector wpforms_selector_0\">\n\t\t\t\t\n\t\t\t\t\n\t\t\t\t\n\t\t\t\t\n\t\t\t\t\n\t\t\t\t\n\t\t\t\t<div class=\"et_pb_module_inner\">\n\t\t\t\t\t<style id=\"wpforms-css-vars-233\">\n\t\t\t\t#wpforms-233 {\n\t\t\t\t\n\t\t\t}\n\t\t\t<\/style><div class=\"wpforms-container wpforms-container-full wpforms-render-modern\" id=\"wpforms-233\"><form id=\"wpforms-form-233\" class=\"wpforms-validate wpforms-form wpforms-ajax-form\" data-formid=\"233\" method=\"post\" enctype=\"multipart\/form-data\" action=\"\/pt-br\/wp-json\/wp\/v2\/pages\/1310\" data-token=\"fa24ca54b04f067912890850a9b90bcd\" data-token-time=\"1775600618\"><noscript class=\"wpforms-error-noscript\">Ative o JavaScript no seu navegador para preencher este formul\u00e1rio.<\/noscript><div id=\"wpforms-error-noscript\" style=\"display: none;\">Ative o JavaScript no seu navegador para preencher este formul\u00e1rio.<\/div><div class=\"wpforms-field-container\"><div id=\"wpforms-233-field_1-container\" class=\"wpforms-field wpforms-field-text\" data-field-id=\"1\"><label class=\"wpforms-field-label\" for=\"wpforms-233-field_1\">Nome <span class=\"wpforms-required-label\" aria-hidden=\"true\">*<\/span><\/label><input type=\"text\" id=\"wpforms-233-field_1\" class=\"wpforms-field-large wpforms-field-required\" name=\"wpforms[fields][1]\" aria-errormessage=\"wpforms-233-field_1-error\" required><\/div><div id=\"wpforms-233-field_2-container\" class=\"wpforms-field wpforms-field-text\" data-field-id=\"2\"><label class=\"wpforms-field-label\" for=\"wpforms-233-field_2\">Primeiro nome <span class=\"wpforms-required-label\" aria-hidden=\"true\">*<\/span><\/label><input type=\"text\" id=\"wpforms-233-field_2\" class=\"wpforms-field-large wpforms-field-required\" name=\"wpforms[fields][2]\" aria-errormessage=\"wpforms-233-field_2-error\" required><\/div><div id=\"wpforms-233-field_3-container\" class=\"wpforms-field wpforms-field-email\" data-field-id=\"3\"><label class=\"wpforms-field-label\" for=\"wpforms-233-field_3\">Endere\u00e7o de e-mail <span class=\"wpforms-required-label\" aria-hidden=\"true\">*<\/span><\/label><input type=\"email\" id=\"wpforms-233-field_3\" class=\"wpforms-field-large wpforms-field-required\" name=\"wpforms[fields][3]\" spellcheck=\"false\" aria-errormessage=\"wpforms-233-field_3-error\" required><\/div><div id=\"wpforms-233-field_4-container\" class=\"wpforms-field wpforms-field-phone\" data-field-id=\"4\"><label class=\"wpforms-field-label\" for=\"wpforms-233-field_4\">Telefone<\/label><input type=\"tel\" id=\"wpforms-233-field_4\" class=\"wpforms-field-large\" data-rule-int-phone-field=\"true\" name=\"wpforms[fields][4]\" aria-label=\"Telefone\" aria-errormessage=\"wpforms-233-field_4-error\" ><\/div><div id=\"wpforms-233-field_5-container\" class=\"wpforms-field wpforms-field-text\" data-field-id=\"5\"><label class=\"wpforms-field-label\" for=\"wpforms-233-field_5\">Assunto de sua solicita\u00e7\u00e3o <span class=\"wpforms-required-label\" aria-hidden=\"true\">*<\/span><\/label><input type=\"text\" id=\"wpforms-233-field_5\" class=\"wpforms-field-large wpforms-field-required\" name=\"wpforms[fields][5]\" aria-errormessage=\"wpforms-233-field_5-error\" required><\/div>\t\t<div id=\"wpforms-233-field_7-container\"\n\t\t\tclass=\"wpforms-field wpforms-field-text\"\n\t\t\tdata-field-type=\"text\"\n\t\t\tdata-field-id=\"7\"\n\t\t\t>\n\t\t\t<label class=\"wpforms-field-label\" for=\"wpforms-233-field_7\" >solicita\u00e7\u00e3o Endere\u00e7o Nome<\/label>\n\t\t\t<input type=\"text\" id=\"wpforms-233-field_7\" class=\"wpforms-field-medium\" name=\"wpforms[fields][7]\" >\n\t\t<\/div>\n\t\t<div id=\"wpforms-233-field_6-container\" class=\"wpforms-field wpforms-field-textarea\" data-field-id=\"6\"><label class=\"wpforms-field-label\" for=\"wpforms-233-field_6\">Sua solicita\u00e7\u00e3o <span class=\"wpforms-required-label\" aria-hidden=\"true\">*<\/span><\/label><textarea id=\"wpforms-233-field_6\" class=\"wpforms-field-large wpforms-field-required\" name=\"wpforms[fields][6]\" aria-errormessage=\"wpforms-233-field_6-error\" required><\/textarea><\/div><script>\n\t\t\t\t( function() {\n\t\t\t\t\tconst style = document.createElement( 'style' );\n\t\t\t\t\tstyle.appendChild( document.createTextNode( '#wpforms-233-field_7-container { position: absolute !important; overflow: hidden !important; display: inline !important; height: 1px !important; width: 1px !important; z-index: -1000 !important; padding: 0 !important; } #wpforms-233-field_7-container input { visibility: hidden; } #wpforms-conversational-form-page #wpforms-233-field_7-container label { counter-increment: none; }' ) );\n\t\t\t\t\tdocument.head.appendChild( style );\n\t\t\t\t\tdocument.currentScript?.remove();\n\t\t\t\t} )();\n\t\t\t<\/script><\/div><!-- .wpforms-field-container --><div class=\"wpforms-recaptcha-container wpforms-is-recaptcha wpforms-is-recaptcha-type-v3\" ><input type=\"hidden\" name=\"wpforms[recaptcha]\" value=\"\"><\/div><div class=\"wpforms-submit-container\" ><input type=\"hidden\" name=\"wpforms[id]\" value=\"233\"><input type=\"hidden\" name=\"page_title\" value=\"\"><input type=\"hidden\" name=\"page_url\" value=\"https:\/\/francoisruegg.com\/pt-br\/wp-json\/wp\/v2\/pages\/1310\"><input type=\"hidden\" name=\"url_referer\" value=\"\"><button type=\"submit\" name=\"wpforms[submit]\" id=\"wpforms-submit-233\" class=\"wpforms-submit\" data-alt-text=\"Enviando...\" data-submit-text=\"Enviar\" aria-live=\"assertive\" value=\"wpforms-submit\">Enviar<\/button><img loading=\"lazy\" decoding=\"async\" src=\"https:\/\/francoisruegg.com\/wp-content\/plugins\/wpforms\/assets\/images\/submit-spin.svg\" class=\"wpforms-submit-spinner\" style=\"display: none;\" width=\"26\" height=\"26\" alt=\"Carregando\"><\/div><\/form><\/div>  <!-- .wpforms-container -->\n\t\t\t\t<\/div>\n\t\t\t<\/div><\/p>\n","protected":false},"author":1,"featured_media":0,"parent":0,"menu_order":0,"comment_status":"closed","ping_status":"closed","template":"","meta":{"_et_pb_use_builder":"on","_et_pb_old_content":"[et_pb_section fb_built=\"1\" custom_padding_last_edited=\"on|phone\" _builder_version=\"4.27.4\" _module_preset=\"default\" custom_margin=\"0px||0px||false|false\" custom_padding=\"105px|30px|120px|30px|false|true\" custom_padding_tablet=\"75px|15px|90px|15px|false|true\" custom_padding_phone=\"45px||60px||false|true\" global_colors_info=\"{}\"][et_pb_row column_structure=\"2_5,3_5\" _builder_version=\"4.27.4\" _module_preset=\"default\" custom_margin=\"0px||0px||false|false\" custom_padding=\"0px||0px||false|false\" global_colors_info=\"{}\"][et_pb_column type=\"2_5\" _builder_version=\"4.27.4\" _module_preset=\"default\" global_colors_info=\"{}\"][et_pb_text _builder_version=\"4.27.4\" _module_preset=\"default\" header_font_size=\"50px\" text_orientation=\"justified\" width=\"800px\" width_tablet=\"800px\" width_phone=\"800px\" width_last_edited=\"on|desktop\" max_width=\"100%\" module_alignment=\"left\" custom_margin=\"0px||0px||false|false\" custom_margin_tablet=\"||25px||false|false\" custom_margin_phone=\"||25px||false|false\" custom_margin_last_edited=\"on|desktop\" custom_padding=\"0px||0px||false|false\" hover_enabled=\"0\" text_font_size_tablet=\"16px\" text_font_size_phone=\"16px\" text_font_size_last_edited=\"on|desktop\" global_colors_info=\"{}\" sticky_enabled=\"0\"]\n\n<strong>Fran\u00e7ois Ruegg<\/strong> \u2013 Artiste c\u00e9ramiste\n<a href=\"mailto:info@francoisruegg.com\">info@francoisruegg.com<\/a>\n\n<a href=\"https:\/\/www.facebook.com\/francois.ruegg\" target=\"_blank\" rel=\"noopener\"> <img src=\"https:\/\/francoisruegg.com\/wp-content\/uploads\/2025\/02\/facebook_noir.svg\" width=\"22\" height=\"22\" alt=\"\" class=\"wp-image-60 alignnone size-medium\" \/><\/a>\u00a0 \u00a0<a href=\"https:\/\/www.instagram.com\/francois_ruegg_\/\" target=\"_blank\" rel=\"noopener\"><img src=\"https:\/\/francoisruegg.com\/wp-content\/uploads\/2025\/02\/instagram_noir.svg\" width=\"22\" height=\"22\" alt=\"\" class=\"wp-image-61 alignnone size-medium\" \/><\/a>\u00a0 \u00a0<a href=\"https:\/\/www.youtube.com\/@francoisruegg9572\" target=\"_blank\" rel=\"noopener\"><img src=\"https:\/\/francoisruegg.com\/wp-content\/uploads\/2025\/02\/youtube_noir.svg\" width=\"22\" height=\"22\" alt=\"\" class=\"wp-image-62 alignnone size-medium\" \/><\/a>\u00a0 \u00a0<a href=\"https:\/\/fr.wikipedia.org\/wiki\/Fran%C3%A7ois_Ruegg\" target=\"_blank\" rel=\"noopener\"><img src=\"https:\/\/francoisruegg.com\/wp-content\/uploads\/2025\/02\/wiki_noir.svg\" width=\"22\" height=\"22\" alt=\"\" class=\"wp-image-65 alignnone size-medium\" \/><\/a>\n\n[\/et_pb_text][\/et_pb_column][et_pb_column type=\"3_5\" _builder_version=\"4.27.4\" _module_preset=\"default\" global_colors_info=\"{}\"][et_pb_text _builder_version=\"4.27.4\" _module_preset=\"_initial\" header_3_font=\"|700||on|||||\" header_3_text_color=\"#151515\" header_3_font_size=\"13px\" header_3_letter_spacing=\"5px\" header_4_font=\"Work Sans|700|||||||\" custom_margin=\"0px||5px||false|false\" custom_padding=\"0px||0px||false|false\" header_3_font_size_tablet=\"12px\" header_3_font_size_phone=\"12px\" header_3_font_size_last_edited=\"on|desktop\" global_colors_info=\"{}\"]\n<h3>Contactez-moi<\/h3>\n[\/et_pb_text][et_pb_text _builder_version=\"4.27.4\" _module_preset=\"default\" header_text_color=\"rgba(21,21,21,0.6)\" header_font_size=\"37px\" custom_margin=\"0px||20px||false|false\" custom_margin_tablet=\"||15px||false|false\" custom_margin_phone=\"||15px||false|false\" custom_margin_last_edited=\"on|desktop\" custom_padding=\"0px||0px||false|false\" header_font_size_tablet=\"32px\" header_font_size_phone=\"27px\" header_font_size_last_edited=\"on|desktop\" global_colors_info=\"{}\"]\n<h1>Formulaire de contact<\/h1>\n[\/et_pb_text][wpforms_selector form_id=\"233\" show_title=\"off\" _builder_version=\"4.27.4\" _module_preset=\"default\" custom_margin=\"0px||0px||false|false\" custom_padding=\"0px||0px||false|false\" global_colors_info=\"{}\"][\/wpforms_selector][\/et_pb_column][\/et_pb_row][\/et_pb_section]","_et_gb_content_width":"","footnotes":""},"class_list":["post-1310","page","type-page","status-publish","hentry"],"_links":{"self":[{"href":"https:\/\/francoisruegg.com\/pt-br\/wp-json\/wp\/v2\/pages\/1310","targetHints":{"allow":["GET"]}}],"collection":[{"href":"https:\/\/francoisruegg.com\/pt-br\/wp-json\/wp\/v2\/pages"}],"about":[{"href":"https:\/\/francoisruegg.com\/pt-br\/wp-json\/wp\/v2\/types\/page"}],"author":[{"embeddable":true,"href":"https:\/\/francoisruegg.com\/pt-br\/wp-json\/wp\/v2\/users\/1"}],"replies":[{"embeddable":true,"href":"https:\/\/francoisruegg.com\/pt-br\/wp-json\/wp\/v2\/comments?post=1310"}],"version-history":[{"count":9,"href":"https:\/\/francoisruegg.com\/pt-br\/wp-json\/wp\/v2\/pages\/1310\/revisions"}],"predecessor-version":[{"id":1320,"href":"https:\/\/francoisruegg.com\/pt-br\/wp-json\/wp\/v2\/pages\/1310\/revisions\/1320"}],"wp:attachment":[{"href":"https:\/\/francoisruegg.com\/pt-br\/wp-json\/wp\/v2\/media?parent=1310"}],"curies":[{"name":"wp","href":"https:\/\/api.w.org\/{rel}","templated":true}]}}